{"id":2722,"date":"2024-12-28T10:09:13","date_gmt":"2024-12-28T09:09:13","guid":{"rendered":"https:\/\/afmje.org\/?page_id=2722"},"modified":"2024-12-28T11:27:28","modified_gmt":"2024-12-28T10:27:28","slug":"manuel-carius","status":"publish","type":"page","link":"https:\/\/afmje.org\/index.php\/manuel-carius\/","title":{"rendered":"Manuel CARIUS &#8211; Vice-pr\u00e9sident, charg\u00e9 du droit civil"},"content":{"rendered":"<div class=\"wp-block-image is-style-rounded\">\n<figure class=\"alignleft size-full is-resized\"><img fetchpriority=\"high\" decoding=\"async\" width=\"355\" height=\"640\" src=\"https:\/\/afmje.org\/wp-content\/uploads\/2024\/12\/Manuel-CARIUS.jpg\" alt=\"\" class=\"wp-image-2723\" style=\"width:262px;height:auto\" srcset=\"https:\/\/afmje.org\/wp-content\/uploads\/2024\/12\/Manuel-CARIUS.jpg 355w, https:\/\/afmje.org\/wp-content\/uploads\/2024\/12\/Manuel-CARIUS-277x500.jpg 277w, https:\/\/afmje.org\/wp-content\/uploads\/2024\/12\/Manuel-CARIUS-166x300.jpg 166w, https:\/\/afmje.org\/wp-content\/uploads\/2024\/12\/Manuel-CARIUS-42x75.jpg 42w\" sizes=\"(max-width:767px) 355px, 355px\" \/><\/figure>\n<\/div>\n\n\n<p style=\"font-style:normal;font-weight:300\">Docteur en droit public, Manuel CARIUS a exerc\u00e9 comme enseignant-chercheur dans les universit\u00e9s d\u2019Artois et de Poitiers (France) entre 2000 et 2016, dans les domaines du droit administratif et du droit constitutionnel. Il a \u00e9galement d\u00e9velopp\u00e9 un cabinet d\u2019avocat sp\u00e9cialis\u00e9 en droit de la fonction publique et en droit rural.<\/p>\n\n\n\n<p style=\"font-style:normal;font-weight:300\">Ayant rejoint la magistrature depuis 2016, Manuel CARIUS y exerce principalement des fonctions civiles, actuellement au sein de la cour d\u2019appel de Montpellier. Il a particip\u00e9 \u00e0 la cr\u00e9ation de l\u2019Association des magistrats fran\u00e7ais pour la justice civile, dont il est co-pr\u00e9sident et de l\u2019Association fran\u00e7aise des magistrats pour la justice environnementale, dont il est le vice-pr\u00e9sident, charg\u00e9 du droit civil. Il est \u00e9galement administrateur de l\u2019Association fran\u00e7aise de droit rural.<\/p>\n","protected":false},"excerpt":{"rendered":"<p>Docteur en droit public, Manuel CARIUS a exerc\u00e9 comme enseignant-chercheur dans les universit\u00e9s d\u2019Artois et de Poitiers (France) entre 2000 et 2016, dans les domaines du<span class=\"excerpt-hellip\"> [\u2026]<\/span><\/p>\n","protected":false},"author":6,"featured_media":0,"parent":0,"menu_order":0,"comment_status":"closed","ping_status":"closed","template":"","meta":{"pmpro_default_level":0,"iawp_total_views":33,"footnotes":""},"class_list":["post-2722","page","type-page","status-publish","hentry","pmpro-has-access"],"yoast_head":"<!-- This site is optimized with the Yoast SEO plugin v24.6 - https:\/\/yoast.com\/wordpress\/plugins\/seo\/ -->\n<title>Manuel CARIUS - Vice-pr\u00e9sident, charg\u00e9 du droit civil - AFMJE<\/title>\n<meta name=\"description\" content=\"En 2005, Florence Galtier est nomm\u00e9e Vice-Procureur de Carcassonne o\u00f9 elle suit notamment des contentieux li\u00e9s aux violences conjugales.\" \/>\n<meta name=\"robots\" content=\"index, follow, max-snippet:-1, max-image-preview:large, max-video-preview:-1\" \/>\n<link rel=\"canonical\" href=\"https:\/\/afmje.org\/index.php\/manuel-carius\/\" \/>\n<meta property=\"og:locale\" content=\"fr_FR\" \/>\n<meta property=\"og:type\" content=\"article\" \/>\n<meta property=\"og:title\" content=\"Manuel CARIUS - Vice-pr\u00e9sident, charg\u00e9 du droit civil - AFMJE\" \/>\n<meta property=\"og:description\" content=\"En 2005, Florence Galtier est nomm\u00e9e Vice-Procureur de Carcassonne o\u00f9 elle suit notamment des contentieux li\u00e9s aux violences conjugales.\" \/>\n<meta property=\"og:url\" content=\"https:\/\/afmje.org\/index.php\/manuel-carius\/\" \/>\n<meta property=\"og:site_name\" content=\"AFMJE\" \/>\n<meta property=\"article:modified_time\" content=\"2024-12-28T10:27:28+00:00\" \/>\n<meta property=\"og:image\" content=\"https:\/\/afmje.org\/wp-content\/uploads\/2024\/12\/Manuel-CARIUS.jpg\" \/>\n<meta name=\"twitter:card\" content=\"summary_large_image\" \/>\n<meta name=\"twitter:label1\" content=\"Dur\u00e9e de lecture estim\u00e9e\" \/>\n\t<meta name=\"twitter:data1\" content=\"1 minute\" \/>\n<script type=\"application\/ld+json\" class=\"yoast-schema-graph\">{\"@context\":\"https:\/\/schema.org\",\"@graph\":[{\"@type\":\"WebPage\",\"@id\":\"https:\/\/afmje.org\/index.php\/manuel-carius\/\",\"url\":\"https:\/\/afmje.org\/index.php\/manuel-carius\/\",\"name\":\"Manuel CARIUS - Vice-pr\u00e9sident, charg\u00e9 du droit civil - AFMJE\",\"isPartOf\":{\"@id\":\"https:\/\/afmje.org\/#website\"},\"primaryImageOfPage\":{\"@id\":\"https:\/\/afmje.org\/index.php\/manuel-carius\/#primaryimage\"},\"image\":{\"@id\":\"https:\/\/afmje.org\/index.php\/manuel-carius\/#primaryimage\"},\"thumbnailUrl\":\"https:\/\/afmje.org\/wp-content\/uploads\/2024\/12\/Manuel-CARIUS.jpg\",\"datePublished\":\"2024-12-28T09:09:13+00:00\",\"dateModified\":\"2024-12-28T10:27:28+00:00\",\"description\":\"En 2005, Florence Galtier est nomm\u00e9e Vice-Procureur de Carcassonne o\u00f9 elle suit notamment des contentieux li\u00e9s aux violences conjugales.\",\"breadcrumb\":{\"@id\":\"https:\/\/afmje.org\/index.php\/manuel-carius\/#breadcrumb\"},\"inLanguage\":\"fr-FR\",\"potentialAction\":[{\"@type\":\"ReadAction\",\"target\":[\"https:\/\/afmje.org\/index.php\/manuel-carius\/\"]}]},{\"@type\":\"ImageObject\",\"inLanguage\":\"fr-FR\",\"@id\":\"https:\/\/afmje.org\/index.php\/manuel-carius\/#primaryimage\",\"url\":\"https:\/\/afmje.org\/wp-content\/uploads\/2024\/12\/Manuel-CARIUS.jpg\",\"contentUrl\":\"https:\/\/afmje.org\/wp-content\/uploads\/2024\/12\/Manuel-CARIUS.jpg\",\"width\":355,\"height\":640},{\"@type\":\"BreadcrumbList\",\"@id\":\"https:\/\/afmje.org\/index.php\/manuel-carius\/#breadcrumb\",\"itemListElement\":[{\"@type\":\"ListItem\",\"position\":1,\"name\":\"Accueil\",\"item\":\"https:\/\/afmje.org\/\"},{\"@type\":\"ListItem\",\"position\":2,\"name\":\"Manuel CARIUS &#8211; Vice-pr\u00e9sident, charg\u00e9 du droit civil\"}]},{\"@type\":\"WebSite\",\"@id\":\"https:\/\/afmje.org\/#website\",\"url\":\"https:\/\/afmje.org\/\",\"name\":\"AFMJE\",\"description\":\"Association fran\u00e7aise des magistrats pour la justice environnementale\",\"publisher\":{\"@id\":\"https:\/\/afmje.org\/#organization\"},\"potentialAction\":[{\"@type\":\"SearchAction\",\"target\":{\"@type\":\"EntryPoint\",\"urlTemplate\":\"https:\/\/afmje.org\/?s={search_term_string}\"},\"query-input\":{\"@type\":\"PropertyValueSpecification\",\"valueRequired\":true,\"valueName\":\"search_term_string\"}}],\"inLanguage\":\"fr-FR\"},{\"@type\":\"Organization\",\"@id\":\"https:\/\/afmje.org\/#organization\",\"name\":\"AFMJE\",\"url\":\"https:\/\/afmje.org\/\",\"logo\":{\"@type\":\"ImageObject\",\"inLanguage\":\"fr-FR\",\"@id\":\"https:\/\/afmje.org\/#\/schema\/logo\/image\/\",\"url\":\"https:\/\/afmje.org\/wp-content\/uploads\/2023\/11\/logo-02.png\",\"contentUrl\":\"https:\/\/afmje.org\/wp-content\/uploads\/2023\/11\/logo-02.png\",\"width\":1182,\"height\":1182,\"caption\":\"AFMJE\"},\"image\":{\"@id\":\"https:\/\/afmje.org\/#\/schema\/logo\/image\/\"},\"sameAs\":[\"https:\/\/www.linkedin.com\/in\/magistrats-environnement-association-a-f-m-j-e-637a29267\/\"]}]}<\/script>\n<!-- \/ Yoast SEO plugin. -->","yoast_head_json":{"title":"Manuel CARIUS - Vice-pr\u00e9sident, charg\u00e9 du droit civil - AFMJE","description":"En 2005, Florence Galtier est nomm\u00e9e Vice-Procureur de Carcassonne o\u00f9 elle suit notamment des contentieux li\u00e9s aux violences conjugales.","robots":{"index":"index","follow":"follow","max-snippet":"max-snippet:-1","max-image-preview":"max-image-preview:large","max-video-preview":"max-video-preview:-1"},"canonical":"https:\/\/afmje.org\/index.php\/manuel-carius\/","og_locale":"fr_FR","og_type":"article","og_title":"Manuel CARIUS - Vice-pr\u00e9sident, charg\u00e9 du droit civil - AFMJE","og_description":"En 2005, Florence Galtier est nomm\u00e9e Vice-Procureur de Carcassonne o\u00f9 elle suit notamment des contentieux li\u00e9s aux violences conjugales.","og_url":"https:\/\/afmje.org\/index.php\/manuel-carius\/","og_site_name":"AFMJE","article_modified_time":"2024-12-28T10:27:28+00:00","og_image":[{"url":"https:\/\/afmje.org\/wp-content\/uploads\/2024\/12\/Manuel-CARIUS.jpg","type":"","width":"","height":""}],"twitter_card":"summary_large_image","twitter_misc":{"Dur\u00e9e de lecture estim\u00e9e":"1 minute"},"schema":{"@context":"https:\/\/schema.org","@graph":[{"@type":"WebPage","@id":"https:\/\/afmje.org\/index.php\/manuel-carius\/","url":"https:\/\/afmje.org\/index.php\/manuel-carius\/","name":"Manuel CARIUS - Vice-pr\u00e9sident, charg\u00e9 du droit civil - AFMJE","isPartOf":{"@id":"https:\/\/afmje.org\/#website"},"primaryImageOfPage":{"@id":"https:\/\/afmje.org\/index.php\/manuel-carius\/#primaryimage"},"image":{"@id":"https:\/\/afmje.org\/index.php\/manuel-carius\/#primaryimage"},"thumbnailUrl":"https:\/\/afmje.org\/wp-content\/uploads\/2024\/12\/Manuel-CARIUS.jpg","datePublished":"2024-12-28T09:09:13+00:00","dateModified":"2024-12-28T10:27:28+00:00","description":"En 2005, Florence Galtier est nomm\u00e9e Vice-Procureur de Carcassonne o\u00f9 elle suit notamment des contentieux li\u00e9s aux violences conjugales.","breadcrumb":{"@id":"https:\/\/afmje.org\/index.php\/manuel-carius\/#breadcrumb"},"inLanguage":"fr-FR","potentialAction":[{"@type":"ReadAction","target":["https:\/\/afmje.org\/index.php\/manuel-carius\/"]}]},{"@type":"ImageObject","inLanguage":"fr-FR","@id":"https:\/\/afmje.org\/index.php\/manuel-carius\/#primaryimage","url":"https:\/\/afmje.org\/wp-content\/uploads\/2024\/12\/Manuel-CARIUS.jpg","contentUrl":"https:\/\/afmje.org\/wp-content\/uploads\/2024\/12\/Manuel-CARIUS.jpg","width":355,"height":640},{"@type":"BreadcrumbList","@id":"https:\/\/afmje.org\/index.php\/manuel-carius\/#breadcrumb","itemListElement":[{"@type":"ListItem","position":1,"name":"Accueil","item":"https:\/\/afmje.org\/"},{"@type":"ListItem","position":2,"name":"Manuel CARIUS &#8211; Vice-pr\u00e9sident, charg\u00e9 du droit civil"}]},{"@type":"WebSite","@id":"https:\/\/afmje.org\/#website","url":"https:\/\/afmje.org\/","name":"AFMJE","description":"Association fran\u00e7aise des magistrats pour la justice environnementale","publisher":{"@id":"https:\/\/afmje.org\/#organization"},"potentialAction":[{"@type":"SearchAction","target":{"@type":"EntryPoint","urlTemplate":"https:\/\/afmje.org\/?s={search_term_string}"},"query-input":{"@type":"PropertyValueSpecification","valueRequired":true,"valueName":"search_term_string"}}],"inLanguage":"fr-FR"},{"@type":"Organization","@id":"https:\/\/afmje.org\/#organization","name":"AFMJE","url":"https:\/\/afmje.org\/","logo":{"@type":"ImageObject","inLanguage":"fr-FR","@id":"https:\/\/afmje.org\/#\/schema\/logo\/image\/","url":"https:\/\/afmje.org\/wp-content\/uploads\/2023\/11\/logo-02.png","contentUrl":"https:\/\/afmje.org\/wp-content\/uploads\/2023\/11\/logo-02.png","width":1182,"height":1182,"caption":"AFMJE"},"image":{"@id":"https:\/\/afmje.org\/#\/schema\/logo\/image\/"},"sameAs":["https:\/\/www.linkedin.com\/in\/magistrats-environnement-association-a-f-m-j-e-637a29267\/"]}]}},"_links":{"self":[{"href":"https:\/\/afmje.org\/index.php\/wp-json\/wp\/v2\/pages\/2722","targetHints":{"allow":["GET"]}}],"collection":[{"href":"https:\/\/afmje.org\/index.php\/wp-json\/wp\/v2\/pages"}],"about":[{"href":"https:\/\/afmje.org\/index.php\/wp-json\/wp\/v2\/types\/page"}],"author":[{"embeddable":true,"href":"https:\/\/afmje.org\/index.php\/wp-json\/wp\/v2\/users\/6"}],"replies":[{"embeddable":true,"href":"https:\/\/afmje.org\/index.php\/wp-json\/wp\/v2\/comments?post=2722"}],"version-history":[{"count":10,"href":"https:\/\/afmje.org\/index.php\/wp-json\/wp\/v2\/pages\/2722\/revisions"}],"predecessor-version":[{"id":2751,"href":"https:\/\/afmje.org\/index.php\/wp-json\/wp\/v2\/pages\/2722\/revisions\/2751"}],"wp:attachment":[{"href":"https:\/\/afmje.org\/index.php\/wp-json\/wp\/v2\/media?parent=2722"}],"curies":[{"name":"wp","href":"https:\/\/api.w.org\/{rel}","templated":true}]}}